{"id":8635,"date":"2025-12-01T10:02:25","date_gmt":"2025-12-01T09:02:25","guid":{"rendered":"http:\/\/axentbath.com\/en\/?post_type=product&#038;p=8635"},"modified":"2025-12-01T10:02:25","modified_gmt":"2025-12-01T09:02:25","slug":"dino-deck-mounted-bath-mixer-f553-1120","status":"publish","type":"product","link":"http:\/\/axentbath.com\/en\/products\/dino-deck-mounted-bath-mixer-f553-1120\/","title":{"rendered":"DINO DECK-MOUNTED BATH MIXER F553-1120"},"content":{"rendered":"<p>Product Model: F553-1120 Chrome<\/p>\n<p>F553-1151 Matte Black<\/p>\n<p>Dimensions: Spout H119mm\/D188mm<\/p>\n<p>Configuration: Handshower: \u00a0\u03a6120mm\/3-spray modes<\/p>\n<p>Package Contents: Bath Mixer\u00d71, Pull-out Hose\u00d71, Connection Hose\u00d71<\/p>\n<p>Key Features\uff1a3-Spray Experiences, Air Bubble Wash, Anti-Clogging Silicone, Brass Casting, Premium Plating<\/p>\n","protected":false},"excerpt":{"rendered":"<p>Product Model: F553-1120 Chrome F553-1151 Matte Black Dimensions: Spout H119mm\/D188mm Configuration: Handshower: \u00a0\u03a6120mm\/3-spray modes Package Contents: Bath [&hellip;]<\/p>\n","protected":false},"featured_media":8620,"comment_status":"closed","ping_status":"closed","template":"","meta":[],"class_list":{"0":"post-8635","1":"product","2":"type-product","3":"status-publish","4":"has-post-thumbnail","6":"product_cat-faucets-showers","8":"first","9":"instock","10":"shipping-taxable","11":"product-type-simple"},"_links":{"self":[{"href":"http:\/\/axentbath.com\/en\/wp-json\/wp\/v2\/product\/8635"}],"collection":[{"href":"http:\/\/axentbath.com\/en\/wp-json\/wp\/v2\/product"}],"about":[{"href":"http:\/\/axentbath.com\/en\/wp-json\/wp\/v2\/types\/product"}],"replies":[{"embeddable":true,"href":"http:\/\/axentbath.com\/en\/wp-json\/wp\/v2\/comments?post=8635"}],"wp:featuredmedia":[{"embeddable":true,"href":"http:\/\/axentbath.com\/en\/wp-json\/wp\/v2\/media\/8620"}],"wp:attachment":[{"href":"http:\/\/axentbath.com\/en\/wp-json\/wp\/v2\/media?parent=8635"}],"curies":[{"name":"wp","href":"https:\/\/api.w.org\/{rel}","templated":true}]}}